{"id":12032,"date":"2026-03-13T12:21:41","date_gmt":"2026-03-13T11:21:41","guid":{"rendered":"https:\/\/kosegartenschule.wolgast.de\/?page_id=12032"},"modified":"2026-04-22T09:10:04","modified_gmt":"2026-04-22T07:10:04","slug":"projekte","status":"publish","type":"page","link":"https:\/\/kosegartenschule.wolgast.de\/index.php\/projekte\/","title":{"rendered":"Projekte\/Events"},"content":{"rendered":"<h5>April 2026<\/h5>\n<h4><span style=\"color: #800000;\">Gesundheitswoche an der Kosegartenschule Wolgast 13.-16.April<\/span><\/h4>\n<p><img loading=\"lazy\" decoding=\"async\" class=\"alignnone size-full wp-image-12116\" title=\"Collage\" src=\"http:\/\/kosegartenschule.wolgast.de\/wp-content\/uploads\/2026\/04\/Collage.jpg\" alt=\"\" width=\"1683\" height=\"1190\" \/><\/p>\n<p><img loading=\"lazy\" decoding=\"async\" class=\"alignnone size-full wp-image-12088\" title=\"Orange &amp; Green Playful Illustrative Nutrition Guide Poster (2)\" src=\"http:\/\/kosegartenschule.wolgast.de\/wp-content\/uploads\/2026\/04\/Orange-Green-Playful-Illustrative-Nutrition-Guide-Poster-2.png\" alt=\"\" width=\"1414\" height=\"2000\" \/><\/p>\n<p>_____________________________________________________________<\/p>\n<p><strong>M\u00c4RZ 2026<\/strong><\/p>\n<h4><span style=\"color: #800000;\">POETRY SLAM<\/span><\/h4>\n<p><span style=\"color: #000080;\"><strong>Redegewandter Besuch in der Kosegartenschule<\/strong><\/span><\/p>\n<p>Die 10. Klassen der Regionalen Schule Kosegarten erhielten Anfang des 2. Schulhalbjahres 25\/26 redegewandten Besuch von Bas B\u00f6ttcher. Er ist bekannt f\u00fcr seine Slam-Poesie und hat sich als einer der ersten deutschen Slam-Poeten etabliert. In seinem vierst\u00fcndigen Angebot vermittelte er unseren Lernenden die wichtigsten Techniken f\u00fcr einen gelungenen Poetry-Slam. Viele Sch\u00fclerInnen wurden zun\u00e4chst von der Zungenfertigkeit des K\u00fcnstlers und wenig sp\u00e4ter auch von ihren eigenen wortgewaltigen Texten \u00fcberrascht. Das Projekt wird in den n\u00e4chsten Schuljahren sicherlich auf Wiederholung sto\u00dfen.<\/p>\n<p>Weitere Infos findet ihr unter: https:\/\/poetryslam.de<\/p>\n<p><img loading=\"lazy\" decoding=\"async\" class=\"alignnone wp-image-12039 size-medium\" title=\"PHOTO-2026-03-04-11-40-00\" src=\"http:\/\/kosegartenschule.wolgast.de\/wp-content\/uploads\/2026\/03\/PHOTO-2026-03-04-11-40-00-e1773901541644-300x264.jpg\" alt=\"\" width=\"300\" height=\"264\" srcset=\"https:\/\/kosegartenschule.wolgast.de\/wp-content\/uploads\/2026\/03\/PHOTO-2026-03-04-11-40-00-e1773901541644-300x264.jpg 300w, https:\/\/kosegartenschule.wolgast.de\/wp-content\/uploads\/2026\/03\/PHOTO-2026-03-04-11-40-00-e1773901541644-768x676.jpg 768w, https:\/\/kosegartenschule.wolgast.de\/wp-content\/uploads\/2026\/03\/PHOTO-2026-03-04-11-40-00-e1773901541644.jpg 980w\" sizes=\"auto, (max-width: 300px) 100vw, 300px\" \/><\/p>\n<h4>Bild: @Kosegartenschule.wolgast<\/h4>\n<p>&nbsp;<\/p>\n<div class=\"pdfprnt-buttons pdfprnt-buttons-page pdfprnt-bottom-right\"><a href=\"https:\/\/kosegartenschule.wolgast.de\/index.php\/wp-json\/wp\/v2\/pages\/12032?print=pdf\" class=\"pdfprnt-button pdfprnt-button-pdf\" target=\"_blank\"><\/a><a href=\"https:\/\/kosegartenschule.wolgast.de\/index.php\/wp-json\/wp\/v2\/pages\/12032?print=print\" class=\"pdfprnt-button pdfprnt-button-print\" target=\"_blank\"><img decoding=\"async\" src=\"https:\/\/kosegartenschule.wolgast.de\/wp-content\/plugins\/pdf-print\/images\/print.png\" alt=\"image_print\" title=\"Print Content\" \/><\/a><\/div>","protected":false},"excerpt":{"rendered":"<p>April 2026 Gesundheitswoche an der Kosegartenschule Wolgast 13.-16.April _____________________________________________________________ M\u00c4RZ 2026 POETRY SLAM Redegewandter Besuch in der Kosegartenschule Die 10. Klassen der Regionalen Schule Kosegarten erhielten Anfang des 2. Schulhalbjahres 25\/26 redegewandten Besuch von Bas B\u00f6ttcher. Er ist bekannt f\u00fcr seine Slam-Poesie und hat sich als einer der ersten deutschen Slam-Poeten etabliert. In seinem vierst\u00fcndigen Angebot vermittelte er unseren Lernenden<\/p>\n","protected":false},"author":49,"featured_media":0,"parent":0,"menu_order":0,"comment_status":"closed","ping_status":"closed","template":"","meta":{"footnotes":""},"class_list":["post-12032","page","type-page","status-publish","hentry"],"new_scheduled_revision":"","save_as_revision":"","_links":{"self":[{"href":"https:\/\/kosegartenschule.wolgast.de\/index.php\/wp-json\/wp\/v2\/pages\/12032","targetHints":{"allow":["GET"]}}],"collection":[{"href":"https:\/\/kosegartenschule.wolgast.de\/index.php\/wp-json\/wp\/v2\/pages"}],"about":[{"href":"https:\/\/kosegartenschule.wolgast.de\/index.php\/wp-json\/wp\/v2\/types\/page"}],"author":[{"embeddable":true,"href":"https:\/\/kosegartenschule.wolgast.de\/index.php\/wp-json\/wp\/v2\/users\/49"}],"replies":[{"embeddable":true,"href":"https:\/\/kosegartenschule.wolgast.de\/index.php\/wp-json\/wp\/v2\/comments?post=12032"}],"version-history":[{"count":12,"href":"https:\/\/kosegartenschule.wolgast.de\/index.php\/wp-json\/wp\/v2\/pages\/12032\/revisions"}],"predecessor-version":[{"id":12117,"href":"https:\/\/kosegartenschule.wolgast.de\/index.php\/wp-json\/wp\/v2\/pages\/12032\/revisions\/12117"}],"wp:attachment":[{"href":"https:\/\/kosegartenschule.wolgast.de\/index.php\/wp-json\/wp\/v2\/media?parent=12032"}],"curies":[{"name":"wp","href":"https:\/\/api.w.org\/{rel}","templated":true}]}}