{"id":12186,"date":"2026-05-13T13:49:31","date_gmt":"2026-05-13T11:49:31","guid":{"rendered":"https:\/\/kosegartenschule.wolgast.de\/?page_id=12186"},"modified":"2026-05-13T14:00:26","modified_gmt":"2026-05-13T12:00:26","slug":"downloads-formulare","status":"publish","type":"page","link":"https:\/\/kosegartenschule.wolgast.de\/index.php\/downloads-formulare\/","title":{"rendered":"Formulare\/Downloads"},"content":{"rendered":"<p><a href=\"https:\/\/www.kreis-vg.de\/B%C3%BCrgerservice\/Dienstleistungen\/Bildung-und-Teilhabe.php?ModID=10&amp;FID=3079.55.1&amp;object=tx%7C3079.2.1\" data-type=\"link\" data-id=\"https:\/\/www.sw-greifswald.de\/ueber-uns\/aktuelles\/detailseite\/kostenlose-schuelerbefoerderung-mit-vg-card\"><strong>Antr\u00e4ge auf Leistungen f\u00fcr Bildung und Teilhabe<\/strong><\/a><\/p>\n<p><strong><a href=\"http:\/\/kosegartenschule.wolgast.de\/wp-content\/uploads\/2026\/05\/Beurlaubung_Antrag.pdf\">Antrag_<\/a><a href=\"http:\/\/kosegartenschule.wolgast.de\/wp-content\/uploads\/2026\/05\/Beurlaubung_Antrag.pdf\">Beurlaubung<\/a><\/strong><\/p>\n<p><a href=\"https:\/\/www.sw-greifswald.de\/ueber-uns\/aktuelles\/detailseite\/kostenlose-schuelerbefoerderung-mit-vg-card\" data-type=\"link\" data-id=\"https:\/\/www.sw-greifswald.de\/ueber-uns\/aktuelles\/detailseite\/kostenlose-schuelerbefoerderung-mit-vg-card\"><strong>Kostenlose Sch\u00fclerbef\u00f6rderung mit VG-Card<\/strong><\/a><\/p>\n<p>&nbsp;<\/p>\n<div class=\"pdfprnt-buttons pdfprnt-buttons-page pdfprnt-bottom-right\"><a href=\"https:\/\/kosegartenschule.wolgast.de\/index.php\/wp-json\/wp\/v2\/pages\/12186?print=pdf\" class=\"pdfprnt-button pdfprnt-button-pdf\" target=\"_blank\"><\/a><a href=\"https:\/\/kosegartenschule.wolgast.de\/index.php\/wp-json\/wp\/v2\/pages\/12186?print=print\" class=\"pdfprnt-button pdfprnt-button-print\" target=\"_blank\"><img decoding=\"async\" src=\"https:\/\/kosegartenschule.wolgast.de\/wp-content\/plugins\/pdf-print\/images\/print.png\" alt=\"image_print\" title=\"Print Content\" \/><\/a><\/div>","protected":false},"excerpt":{"rendered":"<p>Antr\u00e4ge auf Leistungen f\u00fcr Bildung und Teilhabe Antrag_Beurlaubung Kostenlose Sch\u00fclerbef\u00f6rderung mit VG-Card &nbsp;<\/p>\n","protected":false},"author":49,"featured_media":0,"parent":0,"menu_order":0,"comment_status":"closed","ping_status":"closed","template":"","meta":{"footnotes":""},"class_list":["post-12186","page","type-page","status-publish","hentry"],"new_scheduled_revision":"","save_as_revision":"","_links":{"self":[{"href":"https:\/\/kosegartenschule.wolgast.de\/index.php\/wp-json\/wp\/v2\/pages\/12186","targetHints":{"allow":["GET"]}}],"collection":[{"href":"https:\/\/kosegartenschule.wolgast.de\/index.php\/wp-json\/wp\/v2\/pages"}],"about":[{"href":"https:\/\/kosegartenschule.wolgast.de\/index.php\/wp-json\/wp\/v2\/types\/page"}],"author":[{"embeddable":true,"href":"https:\/\/kosegartenschule.wolgast.de\/index.php\/wp-json\/wp\/v2\/users\/49"}],"replies":[{"embeddable":true,"href":"https:\/\/kosegartenschule.wolgast.de\/index.php\/wp-json\/wp\/v2\/comments?post=12186"}],"version-history":[{"count":7,"href":"https:\/\/kosegartenschule.wolgast.de\/index.php\/wp-json\/wp\/v2\/pages\/12186\/revisions"}],"predecessor-version":[{"id":12196,"href":"https:\/\/kosegartenschule.wolgast.de\/index.php\/wp-json\/wp\/v2\/pages\/12186\/revisions\/12196"}],"wp:attachment":[{"href":"https:\/\/kosegartenschule.wolgast.de\/index.php\/wp-json\/wp\/v2\/media?parent=12186"}],"curies":[{"name":"wp","href":"https:\/\/api.w.org\/{rel}","templated":true}]}}