{"id":2651,"date":"2018-01-18T07:44:03","date_gmt":"2018-01-18T06:44:03","guid":{"rendered":"http:\/\/install.wolgast.de\/?page_id=2651"},"modified":"2018-01-18T07:44:03","modified_gmt":"2018-01-18T06:44:03","slug":"frau-juelich","status":"publish","type":"page","link":"https:\/\/kosegartenschule.wolgast.de\/index.php\/frau-juelich\/","title":{"rendered":"Frau J\u00fclich"},"content":{"rendered":"<p><strong>Warum wollten Sie unbedingt Lehrerin werden? <\/strong>Ich hatte an meiner Schule eine sehr tolle Lehrerin. Ich wollte zu sehen, wie Wissen in anderen K\u00f6pfen entsteht.<\/p>\n<p><strong>Was war in Ihrer Schulzeit Ihr Lieblingsfach und warum? <\/strong>Meine Lieblingsf\u00e4cher waren Deutsch (gerne gelesen), Sport (Bewegung, gut in Sport), Geschichte (war sehr interessant).<\/p>\n<p><strong>Was sch\u00e4tzen Sie an Ihren Sch\u00fclern? <\/strong>Ich sch\u00e4tze an meinen Sch\u00fclern Ehrlichkeit, Anstrengungsbereitschaft und Respekt im Umgang.<\/p>\n<p><strong>War Ihr Traumberuf Lehrer oder gab es davor noch einen anderen und welcher war es? <\/strong>Mein Traumberuf war Lehrer und auch meine erste Wahl.<\/p>\n<p><strong>Was ist das Unfairste, was Sie je gemacht haben? <\/strong>Die Sch\u00fcler empfinden Lehrer oft als unfair. Ich glaube man m\u00fcsste die Sch\u00fcler fragen, weil es von der Perspektive abh\u00e4ngig ist.<\/p>\n<p><strong>L\u00e4stern Sie in Ihrer Freizeit \u00fcber Ihre Sch\u00fcler und um welche Themen? <\/strong>Ich rede in der Freizeit nicht \u00fcber meine Sch\u00fcler, jeder hat seine Grenzen. Ich staune \u00f6fter und versuche mir diese Dinge zu erkl\u00e4ren.<\/p>\n<p><strong>Was war die krasseste Beleidigung, die ein Sch\u00fcler zu Ihnen gesagt hat? <\/strong>Sch\u00fcler aus der jetzigen Schulzeit haben zu mir gesagt: \u201eWas willst du von mir?\u201c.<\/p>\n<p><strong>Freuen Sie sich auf Elternsprechtage, weil Sie Ihre Sch\u00fcler dann verpetzen k\u00f6nnen? <\/strong>Was ist petzen? \u201ePetzen\u201c ist ein Schutz f\u00fcr mich und die andere Person. Aus meiner Perspektive: Was kann getan werden um dem Sch\u00fcler zu helfen.<strong><br \/>\n<\/strong><\/p>\n<p><strong>Das Interview wurde gef\u00fchrt von: Celina Kr\u00fcger<\/strong><\/p>\n<p>&nbsp;<\/p>\n<div class=\"pdfprnt-buttons pdfprnt-buttons-page pdfprnt-bottom-right\"><a href=\"https:\/\/kosegartenschule.wolgast.de\/index.php\/wp-json\/wp\/v2\/pages\/2651?print=pdf\" class=\"pdfprnt-button pdfprnt-button-pdf\" target=\"_blank\"><\/a><a href=\"https:\/\/kosegartenschule.wolgast.de\/index.php\/wp-json\/wp\/v2\/pages\/2651?print=print\" class=\"pdfprnt-button pdfprnt-button-print\" target=\"_blank\"><img decoding=\"async\" src=\"https:\/\/kosegartenschule.wolgast.de\/wp-content\/plugins\/pdf-print\/images\/print.png\" alt=\"image_print\" title=\"Print Content\" \/><\/a><\/div>","protected":false},"excerpt":{"rendered":"<p>Warum wollten Sie unbedingt Lehrerin werden? Ich hatte an meiner Schule eine sehr tolle Lehrerin. Ich wollte zu sehen, wie Wissen in anderen K\u00f6pfen entsteht. Was war in Ihrer Schulzeit Ihr Lieblingsfach und warum? Meine Lieblingsf\u00e4cher waren Deutsch (gerne gelesen), Sport (Bewegung, gut in Sport), Geschichte (war sehr interessant). Was sch\u00e4tzen Sie an Ihren Sch\u00fclern? Ich sch\u00e4tze an meinen Sch\u00fclern<\/p>\n","protected":false},"author":1,"featured_media":0,"parent":0,"menu_order":0,"comment_status":"closed","ping_status":"closed","template":"","meta":{"footnotes":""},"class_list":["post-2651","page","type-page","status-publish","hentry"],"new_scheduled_revision":"","save_as_revision":"","_links":{"self":[{"href":"https:\/\/kosegartenschule.wolgast.de\/index.php\/wp-json\/wp\/v2\/pages\/2651","targetHints":{"allow":["GET"]}}],"collection":[{"href":"https:\/\/kosegartenschule.wolgast.de\/index.php\/wp-json\/wp\/v2\/pages"}],"about":[{"href":"https:\/\/kosegartenschule.wolgast.de\/index.php\/wp-json\/wp\/v2\/types\/page"}],"author":[{"embeddable":true,"href":"https:\/\/kosegartenschule.wolgast.de\/index.php\/wp-json\/wp\/v2\/users\/1"}],"replies":[{"embeddable":true,"href":"https:\/\/kosegartenschule.wolgast.de\/index.php\/wp-json\/wp\/v2\/comments?post=2651"}],"version-history":[{"count":0,"href":"https:\/\/kosegartenschule.wolgast.de\/index.php\/wp-json\/wp\/v2\/pages\/2651\/revisions"}],"wp:attachment":[{"href":"https:\/\/kosegartenschule.wolgast.de\/index.php\/wp-json\/wp\/v2\/media?parent=2651"}],"curies":[{"name":"wp","href":"https:\/\/api.w.org\/{rel}","templated":true}]}}