{"id":9394,"date":"2022-08-07T23:14:04","date_gmt":"2022-08-07T21:14:04","guid":{"rendered":"https:\/\/kosegartenschule.wolgast.de\/?page_id=9394"},"modified":"2025-11-26T16:46:37","modified_gmt":"2025-11-26T15:46:37","slug":"unsere-schule-und-historisches","status":"publish","type":"page","link":"https:\/\/kosegartenschule.wolgast.de\/index.php\/unsere-schule-und-historisches\/","title":{"rendered":"Unsere Schule"},"content":{"rendered":"<p>Zum 01.09.1992 erhielt die Realschule in der Baustra\u00dfe den Namen \u201eG. L. Th. Kosegarten\u201c.<\/p>\n<p>Auf Grund des erheblichen Bev\u00f6lkerungsr\u00fcckganges in der Stadt wurden \u00fcber die Jahre von den ehemals 7 Schulen in der Tr\u00e4gerschaft der Stadt vier aufgel\u00f6st, so dass heute noch folgende Schulen in Wolgast existieren:<\/p>\n<ul>\n<li>eine selbst\u00e4ndige Grundschule<\/li>\n<li>eine Regionale Schule mit angeschlossener Grundschule<\/li>\n<li>unsere Regionale Schule &#8222;G. L. Th. Kosegarten&#8220;<\/li>\n<\/ul>\n<p>Diesen Status erhielt unsere Schule zum 01.08.2006. Mit Beginn des Schuljahres 2006\/07 wurde in der Klassenstufe 5 und jetzt auch in der Klassenstufe 6 die schulartunabh\u00e4ngige Orientierungsstufe eingerichtet.<\/p>\n<p>Die Schule befindet sich auf einem Areal von rund 2000 qm Nutzfl\u00e4che. An der Schule lernen ca. <span class=\"ff1 fs20\">260<\/span><span class=\"ff1 fs20\"> Sch\u00fcler in 13<\/span><span class=\"ff1 fs20\"> Klassen.<\/span><\/p>\n<p>&nbsp;<\/p>\n<h3>Historisches<\/h3>\n<p><span class=\"ff1 fs20\">Unsere Schule wurde am 28.02.1989 als POS VII der Stadt Wolgast er\u00f6ffnet. In ihr wurden Sch\u00fcler von der 1. bis zur 10. Klasse unterrichtet. Im Zuge der politischen Ver\u00e4nderungen in der DDR und ihrem Beitritt nach \u00a723 GG zur Bundesrepublik Deutschland am 03.10.1990 wurde auch die Schullandschaft in der Stadt Wolgast grundlegend ver\u00e4ndert: Neben eigenst\u00e4ndigen Grund-, F\u00f6rder-, Haupt- und Realschulen wurde ein Gymnasium eingerichtet.<\/span><\/p>\n<div class=\"pdfprnt-buttons pdfprnt-buttons-page pdfprnt-bottom-right\"><a href=\"https:\/\/kosegartenschule.wolgast.de\/index.php\/wp-json\/wp\/v2\/pages\/9394?print=pdf\" class=\"pdfprnt-button pdfprnt-button-pdf\" target=\"_blank\"><\/a><a href=\"https:\/\/kosegartenschule.wolgast.de\/index.php\/wp-json\/wp\/v2\/pages\/9394?print=print\" class=\"pdfprnt-button pdfprnt-button-print\" target=\"_blank\"><img decoding=\"async\" src=\"https:\/\/kosegartenschule.wolgast.de\/wp-content\/plugins\/pdf-print\/images\/print.png\" alt=\"image_print\" title=\"Print Content\" \/><\/a><\/div>","protected":false},"excerpt":{"rendered":"<p>Zum 01.09.1992 erhielt die Realschule in der Baustra\u00dfe den Namen \u201eG. L. Th. Kosegarten\u201c. Auf Grund des erheblichen Bev\u00f6lkerungsr\u00fcckganges in der Stadt wurden \u00fcber die Jahre von den ehemals 7 Schulen in der Tr\u00e4gerschaft der Stadt vier aufgel\u00f6st, so dass heute noch folgende Schulen in Wolgast existieren: eine selbst\u00e4ndige Grundschule eine Regionale Schule mit angeschlossener Grundschule unsere Regionale Schule &#8222;G.<\/p>\n","protected":false},"author":49,"featured_media":0,"parent":0,"menu_order":0,"comment_status":"closed","ping_status":"closed","template":"","meta":{"footnotes":""},"class_list":["post-9394","page","type-page","status-publish","hentry"],"new_scheduled_revision":"","save_as_revision":"","_links":{"self":[{"href":"https:\/\/kosegartenschule.wolgast.de\/index.php\/wp-json\/wp\/v2\/pages\/9394","targetHints":{"allow":["GET"]}}],"collection":[{"href":"https:\/\/kosegartenschule.wolgast.de\/index.php\/wp-json\/wp\/v2\/pages"}],"about":[{"href":"https:\/\/kosegartenschule.wolgast.de\/index.php\/wp-json\/wp\/v2\/types\/page"}],"author":[{"embeddable":true,"href":"https:\/\/kosegartenschule.wolgast.de\/index.php\/wp-json\/wp\/v2\/users\/49"}],"replies":[{"embeddable":true,"href":"https:\/\/kosegartenschule.wolgast.de\/index.php\/wp-json\/wp\/v2\/comments?post=9394"}],"version-history":[{"count":5,"href":"https:\/\/kosegartenschule.wolgast.de\/index.php\/wp-json\/wp\/v2\/pages\/9394\/revisions"}],"predecessor-version":[{"id":11791,"href":"https:\/\/kosegartenschule.wolgast.de\/index.php\/wp-json\/wp\/v2\/pages\/9394\/revisions\/11791"}],"wp:attachment":[{"href":"https:\/\/kosegartenschule.wolgast.de\/index.php\/wp-json\/wp\/v2\/media?parent=9394"}],"curies":[{"name":"wp","href":"https:\/\/api.w.org\/{rel}","templated":true}]}}