{"id":96,"date":"2017-01-09T19:38:20","date_gmt":"2017-01-09T18:38:20","guid":{"rendered":"http:\/\/install.wolgast.de\/wordpress\/?page_id=96"},"modified":"2017-02-28T15:34:12","modified_gmt":"2017-02-28T14:34:12","slug":"gesunde-schule","status":"publish","type":"page","link":"https:\/\/kosegartenschule.wolgast.de\/index.php\/gesunde-schule\/","title":{"rendered":"Gesunde Schule"},"content":{"rendered":"<h3><strong>Ziel: Wir wollen erreichen, dass<\/strong><\/h3>\n<ul>\n<li>unsere Sch\u00fcler ein positives Selbstbild entwickeln und lernen, selbst f\u00fcr ihre<br \/>\nGesundheit verantwortlich zu sein<\/li>\n<li>sie &#8211; im Sinne der Pr\u00e4vention &#8211; weniger anf\u00e4llig sind f\u00fcr S\u00fcchte, Gewalt, politischen Extremismus<\/li>\n<li>sie sich aktiv und verantwortungsbewusst f\u00fcr ihre eigene Gesundheit und Gestaltung ihrer Lebenswelt einsetzen<\/li>\n<\/ul>\n<h3><strong>Was tun wir daf\u00fcr?<\/strong><\/h3>\n<ul>\n<li><span class=\"fontstyle0\">Pr\u00e4vention<\/span><\/li>\n<li><span class=\"fontstyle0\">Berufsorientierung<\/span><\/li>\n<li><span class=\"fontstyle0\">Gesunde Umgebung<\/span><\/li>\n<li><span class=\"fontstyle0\">Angebote der Ganztagsschule<\/span><\/li>\n<li><span class=\"fontstyle0\">Sportangebote<\/span><\/li>\n<li><span class=\"fontstyle0\">Schulklima<\/span><\/li>\n<li><span class=\"fontstyle0\">Projekt<\/span><\/li>\n<\/ul>\n<p><strong><span class=\"fontstyle0\">Gesunde Umgebung<\/span><\/strong><\/p>\n<ul>\n<li>Umwelttag<\/li>\n<li>Sauberkeit (Hofdienst)<\/li>\n<li>Neugestaltung von Schule und Umfeld<\/li>\n<li>Einrichtung von Schlie\u00dff\u00e4chern<\/li>\n<\/ul>\n<p><strong><span class=\"fontstyle0\">Schulklima<\/span><\/strong><\/p>\n<ul>\n<li>Schulsozialarbeit<\/li>\n<li>Konfliktvermittler<\/li>\n<li>Mitbestimmung durch die Sch\u00fcler<\/li>\n<\/ul>\n<p><strong><span class=\"fontstyle0\">Pr\u00e4vention<\/span><\/strong><\/p>\n<ul>\n<li>thematische Elternversammlung<\/li>\n<li>im Rahmen der Gesundheitswoche<\/li>\n<\/ul>\n<p><strong><span class=\"fontstyle0\">Sportangebote<\/span><\/strong><\/p>\n<ul>\n<li>in der Ganztagsschule<\/li>\n<li>Schulsportfest<\/li>\n<li>Schulturniere<\/li>\n<li>im Rahmen der Gesundheitswoche<\/li>\n<li>Teilnahme an Wettk\u00e4mpfen mit anderen Schulen<\/li>\n<\/ul>\n<p><strong><span class=\"fontstyle0\">Ern\u00e4hrung<\/span><\/strong><\/p>\n<ul>\n<li>in der Ganztagsschule<\/li>\n<li>Hauswirtschaftsunterricht<\/li>\n<li>im Rahmen der Gesundheitswoche<\/li>\n<\/ul>\n<p><strong><span class=\"fontstyle0\">Projekte<\/span><\/strong><\/p>\n<ul>\n<li>Schulwandertag<\/li>\n<li>Stundenlauf<\/li>\n<li>Gesundheitswoche<\/li>\n<li>Nonsens-Olympiade<\/li>\n<\/ul>\n<p><strong><span class=\"fontstyle0\">Berufsorientierung<\/span><\/strong><\/p>\n<ul>\n<li>Praktika<\/li>\n<li>Berufseignungstests im Rahmen der Gesundheitswoche<\/li>\n<li>Girls Day<\/li>\n<li>Produktives Lernen<\/li>\n<\/ul>\n<h3>Unser Motto: \u201eGesunder Lebensstil\u201c<\/h3>\n<p><strong>Eine von vielen Fragen: Was tut uns gut?<\/strong><\/p>\n<ul>\n<li>sich eine Auszeit g\u00f6nnen\n<ul>\n<li>15 Minuten Tea-time<\/li>\n<li>gemeinsam fr\u00fchst\u00fccken<\/li>\n<\/ul>\n<\/li>\n<li>Entspannungs\u00fcbungen mit Frau Kr\u00fcger (AOK)\n<ul>\n<li>einfach mal \u201echillen\u201c<\/li>\n<li>Theraband\u00fcbungen zum Muskelaufbau<\/li>\n<li>Massage mit Igelball<\/li>\n<\/ul>\n<\/li>\n<li>einige Gesundmacher probieren\n<ul>\n<li>Avocadocreme<\/li>\n<li>selbst gebackenes K\u00f6rnerbrot<\/li>\n<li>Granatapfel<\/li>\n<\/ul>\n<\/li>\n<li>Bewegung \u2013 was jeder kann!\n<ul>\n<li>wandern &#8211; vor unserem Kinobesuch wanderten wir von Trassenheide nach<\/li>\n<li>Zinnowitz<\/li>\n<li>verschiedene \u00dcbungen mit dem Springseil<\/li>\n<\/ul>\n<\/li>\n<\/ul>\n<div class=\"pdfprnt-buttons pdfprnt-buttons-page pdfprnt-bottom-right\"><a href=\"https:\/\/kosegartenschule.wolgast.de\/index.php\/wp-json\/wp\/v2\/pages\/96?print=pdf\" class=\"pdfprnt-button pdfprnt-button-pdf\" target=\"_blank\"><\/a><a href=\"https:\/\/kosegartenschule.wolgast.de\/index.php\/wp-json\/wp\/v2\/pages\/96?print=print\" class=\"pdfprnt-button pdfprnt-button-print\" target=\"_blank\"><img decoding=\"async\" src=\"https:\/\/kosegartenschule.wolgast.de\/wp-content\/plugins\/pdf-print\/images\/print.png\" alt=\"image_print\" title=\"Print Content\" \/><\/a><\/div>","protected":false},"excerpt":{"rendered":"<p>Ziel: Wir wollen erreichen, dass unsere Sch\u00fcler ein positives Selbstbild entwickeln und lernen, selbst f\u00fcr ihre Gesundheit verantwortlich zu sein sie &#8211; im Sinne der Pr\u00e4vention &#8211; weniger anf\u00e4llig sind f\u00fcr S\u00fcchte, Gewalt, politischen Extremismus sie sich aktiv und verantwortungsbewusst f\u00fcr ihre eigene Gesundheit und Gestaltung ihrer Lebenswelt einsetzen Was tun wir daf\u00fcr? Pr\u00e4vention Berufsorientierung Gesunde Umgebung Angebote der Ganztagsschule<\/p>\n","protected":false},"author":1,"featured_media":0,"parent":0,"menu_order":0,"comment_status":"closed","ping_status":"closed","template":"","meta":{"footnotes":""},"class_list":["post-96","page","type-page","status-publish","hentry"],"new_scheduled_revision":"","save_as_revision":"","_links":{"self":[{"href":"https:\/\/kosegartenschule.wolgast.de\/index.php\/wp-json\/wp\/v2\/pages\/96","targetHints":{"allow":["GET"]}}],"collection":[{"href":"https:\/\/kosegartenschule.wolgast.de\/index.php\/wp-json\/wp\/v2\/pages"}],"about":[{"href":"https:\/\/kosegartenschule.wolgast.de\/index.php\/wp-json\/wp\/v2\/types\/page"}],"author":[{"embeddable":true,"href":"https:\/\/kosegartenschule.wolgast.de\/index.php\/wp-json\/wp\/v2\/users\/1"}],"replies":[{"embeddable":true,"href":"https:\/\/kosegartenschule.wolgast.de\/index.php\/wp-json\/wp\/v2\/comments?post=96"}],"version-history":[{"count":0,"href":"https:\/\/kosegartenschule.wolgast.de\/index.php\/wp-json\/wp\/v2\/pages\/96\/revisions"}],"wp:attachment":[{"href":"https:\/\/kosegartenschule.wolgast.de\/index.php\/wp-json\/wp\/v2\/media?parent=96"}],"curies":[{"name":"wp","href":"https:\/\/api.w.org\/{rel}","templated":true}]}}