{"id":98,"date":"2017-01-09T19:38:47","date_gmt":"2017-01-09T18:38:47","guid":{"rendered":"http:\/\/install.wolgast.de\/wordpress\/?page_id=98"},"modified":"2025-09-28T20:13:30","modified_gmt":"2025-09-28T18:13:30","slug":"berufsorientierung-2","status":"publish","type":"page","link":"https:\/\/kosegartenschule.wolgast.de\/index.php\/berufsorientierung-2\/","title":{"rendered":"Berufsorientierung"},"content":{"rendered":"<p><strong>Berufsorientierung<\/strong><\/p>\n<p>Ansprechpartner Schule: Herr Robert Bilow<\/p>\n<p>03834\/517 207<\/p>\n<p><a href=\"mailto:Greifswald.Berufsberatung@arbeitsagentur.de\" target=\"_blank\" rel=\"noopener noreferrer\">Greifswald.Berufsberatung@arbeitsagentur.de<\/a><\/p>\n<p>&nbsp;<\/p>\n<p><a href=\"http:\/\/www.arbeitsagentur.de\">http:\/\/www.arbeitsagentur.de\u00a0<\/a><\/p>\n<p><strong>Besuchsadresse:<\/strong><br \/>\nAgentur f\u00fcr Arbeit Wolgast<br \/>\nHufelandstra\u00dfe 4<br \/>\n17438 Wolgast<\/p>\n<p><strong>Postanschrift:<\/strong><br \/>\nAgentur f\u00fcr Arbeit Wolgast<br \/>\nHufelandstra\u00dfe 4<br \/>\n17438 Wolgast<\/p>\n<p>&nbsp;<\/p>\n<p><img loading=\"lazy\" decoding=\"async\" class=\"alignnone size-full wp-image-11637\" title=\"Elternbrief_SEK I_Kosegarten_2025_2026_-bilder-0\" src=\"http:\/\/kosegartenschule.wolgast.de\/wp-content\/uploads\/2025\/09\/Elternbrief_SEK-I_Kosegarten_2025_2026_-bilder-0-scaled.jpg\" alt=\"\" width=\"1810\" height=\"2560\" \/><\/p>\n<p>&nbsp;<\/p>\n<p><img loading=\"lazy\" decoding=\"async\" class=\"alignnone size-full wp-image-11638\" title=\"Elternbrief_SEK I_Kosegarten_2025_2026_-bilder-1\" src=\"http:\/\/kosegartenschule.wolgast.de\/wp-content\/uploads\/2025\/09\/Elternbrief_SEK-I_Kosegarten_2025_2026_-bilder-1-scaled.jpg\" alt=\"\" width=\"1810\" height=\"2560\" \/><\/p>\n<div class=\"pdfprnt-buttons pdfprnt-buttons-page pdfprnt-bottom-right\"><a href=\"https:\/\/kosegartenschule.wolgast.de\/index.php\/wp-json\/wp\/v2\/pages\/98?print=pdf\" class=\"pdfprnt-button pdfprnt-button-pdf\" target=\"_blank\"><\/a><a href=\"https:\/\/kosegartenschule.wolgast.de\/index.php\/wp-json\/wp\/v2\/pages\/98?print=print\" class=\"pdfprnt-button pdfprnt-button-print\" target=\"_blank\"><img decoding=\"async\" src=\"https:\/\/kosegartenschule.wolgast.de\/wp-content\/plugins\/pdf-print\/images\/print.png\" alt=\"image_print\" title=\"Print Content\" \/><\/a><\/div>","protected":false},"excerpt":{"rendered":"<p>Berufsorientierung Ansprechpartner Schule: Herr Robert Bilow 03834\/517 207 Greifswald.Berufsberatung@arbeitsagentur.de &nbsp; http:\/\/www.arbeitsagentur.de\u00a0 Besuchsadresse: Agentur f\u00fcr Arbeit Wolgast Hufelandstra\u00dfe 4 17438 Wolgast Postanschrift: Agentur f\u00fcr Arbeit Wolgast Hufelandstra\u00dfe 4 17438 Wolgast &nbsp; &nbsp;<\/p>\n","protected":false},"author":1,"featured_media":0,"parent":0,"menu_order":0,"comment_status":"closed","ping_status":"closed","template":"","meta":{"footnotes":""},"class_list":["post-98","page","type-page","status-publish","hentry"],"new_scheduled_revision":"","save_as_revision":"","_links":{"self":[{"href":"https:\/\/kosegartenschule.wolgast.de\/index.php\/wp-json\/wp\/v2\/pages\/98","targetHints":{"allow":["GET"]}}],"collection":[{"href":"https:\/\/kosegartenschule.wolgast.de\/index.php\/wp-json\/wp\/v2\/pages"}],"about":[{"href":"https:\/\/kosegartenschule.wolgast.de\/index.php\/wp-json\/wp\/v2\/types\/page"}],"author":[{"embeddable":true,"href":"https:\/\/kosegartenschule.wolgast.de\/index.php\/wp-json\/wp\/v2\/users\/1"}],"replies":[{"embeddable":true,"href":"https:\/\/kosegartenschule.wolgast.de\/index.php\/wp-json\/wp\/v2\/comments?post=98"}],"version-history":[{"count":8,"href":"https:\/\/kosegartenschule.wolgast.de\/index.php\/wp-json\/wp\/v2\/pages\/98\/revisions"}],"predecessor-version":[{"id":11639,"href":"https:\/\/kosegartenschule.wolgast.de\/index.php\/wp-json\/wp\/v2\/pages\/98\/revisions\/11639"}],"wp:attachment":[{"href":"https:\/\/kosegartenschule.wolgast.de\/index.php\/wp-json\/wp\/v2\/media?parent=98"}],"curies":[{"name":"wp","href":"https:\/\/api.w.org\/{rel}","templated":true}]}}